{"id":5081,"date":"2024-02-19T10:04:19","date_gmt":"2024-02-19T09:04:19","guid":{"rendered":"https:\/\/freightsolution.io\/da\/da\/?page_id=5081"},"modified":"2025-11-05T14:07:35","modified_gmt":"2025-11-05T13:07:35","slug":"infomail-sign-up-web","status":"publish","type":"page","link":"https:\/\/freightsolution.io\/en\/infomail-tilmelding-web\/","title":{"rendered":"infomail sign up"},"content":{"rendered":"<div data-elementor-type=\"wp-page\" data-elementor-id=\"5081\" class=\"elementor elementor-5081\" data-elementor-post-type=\"page\">\n\t\t\t\t<div class=\"elementor-element elementor-element-883f666 e-con-full e-flex e-con e-parent\" data-id=\"883f666\" data-element_type=\"container\" data-e-type=\"container\" data-settings=\"{&quot;background_background&quot;:&quot;classic&quot;}\">\n\t\t<div class=\"elementor-element elementor-element-89fef20 e-flex e-con-boxed e-con e-child\" data-id=\"89fef20\" data-element_type=\"container\" data-e-type=\"container\">\n\t\t\t\t\t<div class=\"e-con-inner\">\n\t\t\t\t<div class=\"elementor-element elementor-element-ec02abd elementor-widget elementor-widget-heading\" data-id=\"ec02abd\" data-element_type=\"widget\" data-e-type=\"widget\" data-settings=\"{&quot;_animation&quot;:&quot;none&quot;}\" data-widget_type=\"heading.default\">\n\t\t\t\t<div class=\"elementor-widget-container\">\n\t\t\t\t\t<h1 class=\"elementor-heading-title elementor-size-default\">Stay on top of your logistics and freight costs<\/h1>\t\t\t\t<\/div>\n\t\t\t\t<\/div>\n\t\t\t\t\t<\/div>\n\t\t\t\t<\/div>\n\t\t\t\t<\/div>\n\t\t<div class=\"elementor-element elementor-element-961d798 e-con-full e-flex elementor-invisible e-con e-child\" data-id=\"961d798\" data-element_type=\"container\" data-e-type=\"container\" data-settings=\"{&quot;background_background&quot;:&quot;classic&quot;,&quot;animation&quot;:&quot;fadeIn&quot;}\">\n\t\t<div class=\"elementor-element elementor-element-8676615 e-flex e-con-boxed e-con e-child\" data-id=\"8676615\" data-element_type=\"container\" data-e-type=\"container\" data-settings=\"{&quot;background_background&quot;:&quot;classic&quot;}\">\n\t\t\t\t\t<div class=\"e-con-inner\">\n\t\t<div class=\"elementor-element elementor-element-b9939b5 e-con-full e-flex elementor-invisible e-con e-child\" data-id=\"b9939b5\" data-element_type=\"container\" data-e-type=\"container\" data-settings=\"{&quot;animation&quot;:&quot;fadeIn&quot;}\">\n\t\t\t\t<div class=\"elementor-element elementor-element-ee7394a elementor-widget elementor-widget-text-editor\" data-id=\"ee7394a\" data-element_type=\"widget\" data-e-type=\"widget\" data-widget_type=\"text-editor.default\">\n\t\t\t\t<div class=\"elementor-widget-container\">\n\t\t\t\t\t\t\t\t\t<p>Get our monthly infomail.<\/p>\t\t\t\t\t\t\t\t<\/div>\n\t\t\t\t<\/div>\n\t\t\t\t<div class=\"elementor-element elementor-element-1ea964a elementor-widget elementor-widget-text-editor\" data-id=\"1ea964a\" data-element_type=\"widget\" data-e-type=\"widget\" data-widget_type=\"text-editor.default\">\n\t\t\t\t<div class=\"elementor-widget-container\">\n\t\t\t\t\t\t\t\t\t<p>Receive monthly emails with useful, concrete and up-to-date knowledge from our logistics specialists.<\/p>\n<p>\u00a0<\/p>\n<p>You'll receive important information, great tips and the latest shipping knowledge - straight to your inbox and before anyone else.<\/p>\n<p>\u00a0<\/p>\n<ul>\n<li>\n<p>Understand how changes or situations in the world can affect your freight costs.<\/p>\n<\/li>\n<li>\n<p>Stay updated on the latest news in freight and logistics.<\/p>\n<\/li>\n<li>No spam - we only send a few times a month.<\/li>\n<\/ul>\t\t\t\t\t\t\t\t<\/div>\n\t\t\t\t<\/div>\n\t\t\t\t<\/div>\n\t\t<div class=\"elementor-element elementor-element-dc8b246 e-con-full e-flex e-con e-child\" data-id=\"dc8b246\" data-element_type=\"container\" data-e-type=\"container\" data-settings=\"{&quot;background_background&quot;:&quot;classic&quot;}\">\n\t\t\t\t<div class=\"elementor-element elementor-element-9cb3b2c elementor-widget elementor-widget-heading\" data-id=\"9cb3b2c\" data-element_type=\"widget\" data-e-type=\"widget\" data-widget_type=\"heading.default\">\n\t\t\t\t<div class=\"elementor-widget-container\">\n\t\t\t\t\t<h2 class=\"elementor-heading-title elementor-size-default\">Subscribe to our danish newletter<\/h2>\t\t\t\t<\/div>\n\t\t\t\t<\/div>\n\t\t\t\t<div class=\"elementor-element elementor-element-54d15e2 elementor-widget elementor-widget-text-editor\" data-id=\"54d15e2\" data-element_type=\"widget\" data-e-type=\"widget\" data-widget_type=\"text-editor.default\">\n\t\t\t\t<div class=\"elementor-widget-container\">\n\t\t\t\t\t\t\t\t\t<p>Get useful knowledge, concrete advice and up-to-date information about freight and logistics from our logistics specialists<\/p>\t\t\t\t\t\t\t\t<\/div>\n\t\t\t\t<\/div>\n\t\t\t\t<div class=\"elementor-element elementor-element-c4dd3a1 elementor-widget elementor-widget-html\" data-id=\"c4dd3a1\" data-element_type=\"widget\" data-e-type=\"widget\" data-widget_type=\"html.default\">\n\t\t\t\t<div class=\"elementor-widget-container\">\n\t\t\t\t\t<div id=\"sn-b669fd28-67f0-42f8-8e6c-c65ba9f03120\"><\/div>\t\t\t\t<\/div>\n\t\t\t\t<\/div>\n\t\t\t\t<div class=\"elementor-element elementor-element-b3660b3 elementor-widget elementor-widget-html\" data-id=\"b3660b3\" data-element_type=\"widget\" data-e-type=\"widget\" data-widget_type=\"html.default\">\n\t\t\t\t<div class=\"elementor-widget-container\">\n\t\t\t\t\t<div id=\"sn-fe7b8857-1f72-4b44-b45b-29464e88238f\"><\/div>\t\t\t\t<\/div>\n\t\t\t\t<\/div>\n\t\t\t\t<\/div>\n\t\t\t\t\t<\/div>\n\t\t\t\t<\/div>\n\t\t\t\t<\/div>\n\t\t\t\t<\/div>","protected":false},"excerpt":{"rendered":"<p>Stay on top of your logistics and freight costs Get our monthly infomail. Receive monthly emails with useful, concrete and up-to-date knowledge from our logistics specialists.   You'll receive important information, great tips and the latest freight knowledge - straight to your inbox and before anyone else.   Understand how changes or situations in the world can affect your freight costs.... <a class=\"more-link\" href=\"https:\/\/freightsolution.io\/en\/blog\/co2e-saadan-griber-du-det-an-og-goer-din-rapportering-gennemsigtig\/\">Continue reading <span class=\"screen-reader-text\">CO2e: How to approach it<\/span><\/a><\/p>","protected":false},"author":236854159,"featured_media":5017,"parent":0,"menu_order":0,"comment_status":"closed","ping_status":"closed","template":"","meta":{"_acf_changed":false,"footnotes":""},"class_list":["post-5081","page","type-page","status-publish","has-post-thumbnail","hentry","entry"],"acf":[],"yoast_head":"<!-- This site is optimized with the Yoast SEO plugin v27.5 - https:\/\/yoast.com\/product\/yoast-seo-wordpress\/ -->\n<title>infomail tilmelding | FreightSolution<\/title>\n<meta name=\"robots\" content=\"noindex, follow\" \/>\n<meta property=\"og:locale\" content=\"en_GB\" \/>\n<meta property=\"og:type\" content=\"article\" \/>\n<meta property=\"og:title\" content=\"infomail tilmelding | FreightSolution\" \/>\n<meta property=\"og:description\" content=\"Hold dig opdateret p\u00e5 din logistik og fragtomkostninger F\u00e5 vores m\u00e5nedlige infomail. Modtag m\u00e5nedlige e-mails med brugbar, konkret og aktuel viden fra vores logistikspecialister. \u00a0 Du modtager vigtig information, gode tips og den nyeste fragtviden &#8211; direkte i indbakken og f\u00f8r alle andre. \u00a0 Forst\u00e5 hvordan \u00e6ndringer eller situationer i verden kan p\u00e5virke dine fragtomkostninger.&hellip; Continue reading CO2e: S\u00e5dan griber du det an\" \/>\n<meta property=\"og:url\" content=\"https:\/\/freightsolution.io\/en\/infomail-sign-up-web\/\" \/>\n<meta property=\"og:site_name\" content=\"FreightSolution\" \/>\n<meta property=\"article:publisher\" content=\"https:\/\/www.facebook.com\/freightsolutiondk\" \/>\n<meta property=\"article:modified_time\" content=\"2025-11-05T13:07:35+00:00\" \/>\n<meta property=\"og:image\" content=\"https:\/\/freightsolution.io\/wp-content\/uploads\/2024\/02\/FreightSolution_infomail.png\" \/>\n\t<meta property=\"og:image:width\" content=\"2400\" \/>\n\t<meta property=\"og:image:height\" content=\"1254\" \/>\n\t<meta property=\"og:image:type\" content=\"image\/png\" \/>\n<meta name=\"twitter:label1\" content=\"Estimated reading time\" \/>\n\t<meta name=\"twitter:data1\" content=\"2 minutes\" \/>\n<script type=\"application\/ld+json\" class=\"yoast-schema-graph\">{\"@context\":\"https:\\\/\\\/schema.org\",\"@graph\":[{\"@type\":\"WebPage\",\"@id\":\"https:\\\/\\\/freightsolution.io\\\/infomail-tilmelding-web\\\/\",\"url\":\"https:\\\/\\\/freightsolution.io\\\/infomail-tilmelding-web\\\/\",\"name\":\"infomail tilmelding | FreightSolution\",\"isPartOf\":{\"@id\":\"https:\\\/\\\/freightsolution.io\\\/#website\"},\"primaryImageOfPage\":{\"@id\":\"https:\\\/\\\/freightsolution.io\\\/infomail-tilmelding-web\\\/#primaryimage\"},\"image\":{\"@id\":\"https:\\\/\\\/freightsolution.io\\\/infomail-tilmelding-web\\\/#primaryimage\"},\"thumbnailUrl\":\"https:\\\/\\\/i0.wp.com\\\/freightsolution.io\\\/wp-content\\\/uploads\\\/2024\\\/02\\\/FreightSolution_infomail.png?fit=2400%2C1254&ssl=1\",\"datePublished\":\"2024-02-19T09:04:19+00:00\",\"dateModified\":\"2025-11-05T13:07:35+00:00\",\"breadcrumb\":{\"@id\":\"https:\\\/\\\/freightsolution.io\\\/infomail-tilmelding-web\\\/#breadcrumb\"},\"inLanguage\":\"en-GB\",\"potentialAction\":[{\"@type\":\"ReadAction\",\"target\":[\"https:\\\/\\\/freightsolution.io\\\/infomail-tilmelding-web\\\/\"]}]},{\"@type\":\"ImageObject\",\"inLanguage\":\"en-GB\",\"@id\":\"https:\\\/\\\/freightsolution.io\\\/infomail-tilmelding-web\\\/#primaryimage\",\"url\":\"https:\\\/\\\/i0.wp.com\\\/freightsolution.io\\\/wp-content\\\/uploads\\\/2024\\\/02\\\/FreightSolution_infomail.png?fit=2400%2C1254&ssl=1\",\"contentUrl\":\"https:\\\/\\\/i0.wp.com\\\/freightsolution.io\\\/wp-content\\\/uploads\\\/2024\\\/02\\\/FreightSolution_infomail.png?fit=2400%2C1254&ssl=1\",\"width\":2400,\"height\":1254},{\"@type\":\"BreadcrumbList\",\"@id\":\"https:\\\/\\\/freightsolution.io\\\/infomail-tilmelding-web\\\/#breadcrumb\",\"itemListElement\":[{\"@type\":\"ListItem\",\"position\":1,\"name\":\"Home\",\"item\":\"https:\\\/\\\/freightsolution.io\\\/\"},{\"@type\":\"ListItem\",\"position\":2,\"name\":\"infomail tilmelding\"}]},{\"@type\":\"WebSite\",\"@id\":\"https:\\\/\\\/freightsolution.io\\\/#website\",\"url\":\"https:\\\/\\\/freightsolution.io\\\/\",\"name\":\"FreightSolution\",\"description\":\"Freight Made Simple\",\"publisher\":{\"@id\":\"https:\\\/\\\/freightsolution.io\\\/#organization\"},\"potentialAction\":[{\"@type\":\"SearchAction\",\"target\":{\"@type\":\"EntryPoint\",\"urlTemplate\":\"https:\\\/\\\/freightsolution.io\\\/?s={search_term_string}\"},\"query-input\":{\"@type\":\"PropertyValueSpecification\",\"valueRequired\":true,\"valueName\":\"search_term_string\"}}],\"inLanguage\":\"en-GB\"},{\"@type\":\"Organization\",\"@id\":\"https:\\\/\\\/freightsolution.io\\\/#organization\",\"name\":\"FreightSolution\",\"url\":\"https:\\\/\\\/freightsolution.io\\\/\",\"logo\":{\"@type\":\"ImageObject\",\"inLanguage\":\"en-GB\",\"@id\":\"https:\\\/\\\/freightsolution.io\\\/#\\\/schema\\\/logo\\\/image\\\/\",\"url\":\"https:\\\/\\\/freightsolution.io\\\/wp-content\\\/uploads\\\/2023\\\/06\\\/logo_files_full_logo_orginal.svg\",\"contentUrl\":\"https:\\\/\\\/freightsolution.io\\\/wp-content\\\/uploads\\\/2023\\\/06\\\/logo_files_full_logo_orginal.svg\",\"width\":1332,\"height\":324,\"caption\":\"FreightSolution\"},\"image\":{\"@id\":\"https:\\\/\\\/freightsolution.io\\\/#\\\/schema\\\/logo\\\/image\\\/\"},\"sameAs\":[\"https:\\\/\\\/www.facebook.com\\\/freightsolutiondk\",\"https:\\\/\\\/www.linkedin.com\\\/company\\\/freightsolution\\\/\"]}]}<\/script>\n<!-- \/ Yoast SEO plugin. -->","yoast_head_json":{"title":"infomail sign up | FreightSolution","robots":{"index":"noindex","follow":"follow"},"og_locale":"en_GB","og_type":"article","og_title":"infomail tilmelding | FreightSolution","og_description":"Hold dig opdateret p\u00e5 din logistik og fragtomkostninger F\u00e5 vores m\u00e5nedlige infomail. Modtag m\u00e5nedlige e-mails med brugbar, konkret og aktuel viden fra vores logistikspecialister. \u00a0 Du modtager vigtig information, gode tips og den nyeste fragtviden &#8211; direkte i indbakken og f\u00f8r alle andre. \u00a0 Forst\u00e5 hvordan \u00e6ndringer eller situationer i verden kan p\u00e5virke dine fragtomkostninger.&hellip; Continue reading CO2e: S\u00e5dan griber du det an","og_url":"https:\/\/freightsolution.io\/en\/infomail-sign-up-web\/","og_site_name":"FreightSolution","article_publisher":"https:\/\/www.facebook.com\/freightsolutiondk","article_modified_time":"2025-11-05T13:07:35+00:00","og_image":[{"width":2400,"height":1254,"url":"https:\/\/freightsolution.io\/wp-content\/uploads\/2024\/02\/FreightSolution_infomail.png","type":"image\/png"}],"twitter_misc":{"Estimated reading time":"2 minutes"},"schema":{"@context":"https:\/\/schema.org","@graph":[{"@type":"WebPage","@id":"https:\/\/freightsolution.io\/infomail-tilmelding-web\/","url":"https:\/\/freightsolution.io\/infomail-tilmelding-web\/","name":"infomail sign up | FreightSolution","isPartOf":{"@id":"https:\/\/freightsolution.io\/#website"},"primaryImageOfPage":{"@id":"https:\/\/freightsolution.io\/infomail-tilmelding-web\/#primaryimage"},"image":{"@id":"https:\/\/freightsolution.io\/infomail-tilmelding-web\/#primaryimage"},"thumbnailUrl":"https:\/\/i0.wp.com\/freightsolution.io\/wp-content\/uploads\/2024\/02\/FreightSolution_infomail.png?fit=2400%2C1254&ssl=1","datePublished":"2024-02-19T09:04:19+00:00","dateModified":"2025-11-05T13:07:35+00:00","breadcrumb":{"@id":"https:\/\/freightsolution.io\/infomail-tilmelding-web\/#breadcrumb"},"inLanguage":"en-GB","potentialAction":[{"@type":"ReadAction","target":["https:\/\/freightsolution.io\/infomail-tilmelding-web\/"]}]},{"@type":"ImageObject","inLanguage":"en-GB","@id":"https:\/\/freightsolution.io\/infomail-tilmelding-web\/#primaryimage","url":"https:\/\/i0.wp.com\/freightsolution.io\/wp-content\/uploads\/2024\/02\/FreightSolution_infomail.png?fit=2400%2C1254&ssl=1","contentUrl":"https:\/\/i0.wp.com\/freightsolution.io\/wp-content\/uploads\/2024\/02\/FreightSolution_infomail.png?fit=2400%2C1254&ssl=1","width":2400,"height":1254},{"@type":"BreadcrumbList","@id":"https:\/\/freightsolution.io\/infomail-tilmelding-web\/#breadcrumb","itemListElement":[{"@type":"ListItem","position":1,"name":"Home","item":"https:\/\/freightsolution.io\/"},{"@type":"ListItem","position":2,"name":"infomail tilmelding"}]},{"@type":"WebSite","@id":"https:\/\/freightsolution.io\/#website","url":"https:\/\/freightsolution.io\/","name":"FreightSolution","description":"Freight Made Simple","publisher":{"@id":"https:\/\/freightsolution.io\/#organization"},"potentialAction":[{"@type":"SearchAction","target":{"@type":"EntryPoint","urlTemplate":"https:\/\/freightsolution.io\/?s={search_term_string}"},"query-input":{"@type":"PropertyValueSpecification","valueRequired":true,"valueName":"search_term_string"}}],"inLanguage":"en-GB"},{"@type":"Organization","@id":"https:\/\/freightsolution.io\/#organization","name":"FreightSolution","url":"https:\/\/freightsolution.io\/","logo":{"@type":"ImageObject","inLanguage":"en-GB","@id":"https:\/\/freightsolution.io\/#\/schema\/logo\/image\/","url":"https:\/\/freightsolution.io\/wp-content\/uploads\/2023\/06\/logo_files_full_logo_orginal.svg","contentUrl":"https:\/\/freightsolution.io\/wp-content\/uploads\/2023\/06\/logo_files_full_logo_orginal.svg","width":1332,"height":324,"caption":"FreightSolution"},"image":{"@id":"https:\/\/freightsolution.io\/#\/schema\/logo\/image\/"},"sameAs":["https:\/\/www.facebook.com\/freightsolutiondk","https:\/\/www.linkedin.com\/company\/freightsolution\/"]}]}},"jetpack_sharing_enabled":true,"_links":{"self":[{"href":"https:\/\/freightsolution.io\/en\/wp-json\/wp\/v2\/pages\/5081","targetHints":{"allow":["GET"]}}],"collection":[{"href":"https:\/\/freightsolution.io\/en\/wp-json\/wp\/v2\/pages"}],"about":[{"href":"https:\/\/freightsolution.io\/en\/wp-json\/wp\/v2\/types\/page"}],"author":[{"embeddable":true,"href":"https:\/\/freightsolution.io\/en\/wp-json\/wp\/v2\/users\/236854159"}],"replies":[{"embeddable":true,"href":"https:\/\/freightsolution.io\/en\/wp-json\/wp\/v2\/comments?post=5081"}],"version-history":[{"count":35,"href":"https:\/\/freightsolution.io\/en\/wp-json\/wp\/v2\/pages\/5081\/revisions"}],"predecessor-version":[{"id":12956,"href":"https:\/\/freightsolution.io\/en\/wp-json\/wp\/v2\/pages\/5081\/revisions\/12956"}],"wp:featuredmedia":[{"embeddable":true,"href":"https:\/\/freightsolution.io\/en\/wp-json\/wp\/v2\/media\/5017"}],"wp:attachment":[{"href":"https:\/\/freightsolution.io\/en\/wp-json\/wp\/v2\/media?parent=5081"}],"curies":[{"name":"wp","href":"https:\/\/api.w.org\/{rel}","templated":true}]}}