{"id":9956,"date":"2025-07-04T14:26:49","date_gmt":"2025-07-04T12:26:49","guid":{"rendered":"https:\/\/freightsolution.io\/da\/?page_id=9956"},"modified":"2025-11-20T13:08:11","modified_gmt":"2025-11-20T12:08:11","slug":"handelsbetingelser","status":"publish","type":"page","link":"https:\/\/freightsolution.io\/da\/handelsbetingelser\/","title":{"rendered":"Handelsbetingelser"},"content":{"rendered":"\t\t<div data-elementor-type=\"wp-page\" data-elementor-id=\"9956\" class=\"elementor elementor-9956\" data-elementor-post-type=\"page\">\n\t\t\t\t<div class=\"elementor-element elementor-element-4b36bc3 e-con-full e-flex e-con e-parent\" data-id=\"4b36bc3\" data-element_type=\"container\" data-e-type=\"container\" data-settings=\"{&quot;background_background&quot;:&quot;classic&quot;}\">\n\t\t<div class=\"elementor-element elementor-element-4ff32b0 e-flex e-con-boxed e-con e-child\" data-id=\"4ff32b0\" data-element_type=\"container\" data-e-type=\"container\">\n\t\t\t\t\t<div class=\"e-con-inner\">\n\t\t\t\t<div class=\"elementor-element elementor-element-2f02605 elementor-invisible elementor-widget elementor-widget-heading\" data-id=\"2f02605\" data-element_type=\"widget\" data-e-type=\"widget\" data-settings=\"{&quot;_animation&quot;:&quot;fadeIn&quot;}\" data-widget_type=\"heading.default\">\n\t\t\t\t<div class=\"elementor-widget-container\">\n\t\t\t\t\t<h1 class=\"elementor-heading-title elementor-size-default\">Handelsbetingelser<\/h1>\t\t\t\t<\/div>\n\t\t\t\t<\/div>\n\t\t\t\t\t<\/div>\n\t\t\t\t<\/div>\n\t\t\t\t<\/div>\n\t\t<div class=\"elementor-element elementor-element-be7fd39 e-con-full e-flex e-con e-parent\" data-id=\"be7fd39\" data-element_type=\"container\" data-e-type=\"container\" data-settings=\"{&quot;background_background&quot;:&quot;classic&quot;}\">\n\t\t<div class=\"elementor-element elementor-element-974d5ee e-flex e-con-boxed e-con e-child\" data-id=\"974d5ee\" data-element_type=\"container\" data-e-type=\"container\">\n\t\t\t\t\t<div class=\"e-con-inner\">\n\t\t\t\t<div class=\"elementor-element elementor-element-9ecd185 elementor-widget elementor-widget-text-editor\" data-id=\"9ecd185\" data-element_type=\"widget\" data-e-type=\"widget\" data-widget_type=\"text-editor.default\">\n\t\t\t\t<div class=\"elementor-widget-container\">\n\t\t\t\t\t\t\t\t\t<h2 class=\" wp-block-heading eplus-wrapper\">Indledning<\/h2><p class=\" eplus-wrapper\">Terms and conditions udg\u00f8r sammen med den elektroniske ordrebekr\u00e6ftelse aftalen (\u201cAbonnementsaftalen\u201d) mellem kunden anf\u00f8rt i ordrebekr\u00e6ftelsen (\u201cKunde\u201d) og FreightSolution (\u201cLeverand\u00f8r\u201d). Abonnementsaftalen beskriver, hvilke moduler som Kunden har adgang til p\u00e5 FreightSolutions platform.<\/p><p class=\" eplus-wrapper\">\u00a0<\/p><p class=\" eplus-wrapper\">\u00a0<\/p><p class=\" eplus-wrapper\">\u00a0<\/p><p class=\" eplus-wrapper\">\u00a0<\/p><h2 class=\" wp-block-heading eplus-wrapper\">1 FreightSolution<\/h2><div>\u00a0<\/div><h3 class=\" wp-block-heading eplus-wrapper\"><strong>1.1 FreightSolution<\/strong><\/h3><p class=\" eplus-wrapper\">FreightSolution udvikles og forvaltes af FreightSolution ApS (\u201cFreightSolution\u201d) og alt afh\u00e6ngigt af Abonnementsaftalen giver platformen Kundens medarbejdere (\u201cBrugerne\u201d) adgang til forskellige moduler: Calculator, Invoice Checker, Statistics, Comparison, Administation.<\/p><p class=\" eplus-wrapper\">\u00a0<\/p><p class=\" eplus-wrapper\">\u00a0<\/p><h3 class=\" wp-block-heading eplus-wrapper\"><strong>1.2 Adgang til FreightSolution<\/strong><\/h3><p class=\" eplus-wrapper\">Alle FreightSolution produkter er web-baserede, hvilket betyder, at Kunden kan tilg\u00e5 alle moduler via en browser.<\/p><p class=\" eplus-wrapper\">Kundes login giver adgang til de i Abonnementaftalen aftalte moduler.<\/p><p class=\" eplus-wrapper\">\u00a0<\/p><p class=\" eplus-wrapper\">\u00a0<\/p><p class=\" eplus-wrapper\">Kunden kan udvide et givent Abonnement med flere moduler, der vil blive gjort tilg\u00e6ngelig i Kundens login.<\/p><p class=\" eplus-wrapper\">\u00a0<\/p><p class=\" eplus-wrapper\">\u00a0<\/p><h3 class=\" wp-block-heading eplus-wrapper\"><strong>1.3 Tilk\u00f8b<\/strong><\/h3><p class=\" eplus-wrapper\">Kunden kan tilk\u00f8be hj\u00e6lp til at foretage sammenligninger mellem forskellige transport\u00f8rer i Comparison eller mellem en v\u00e6rende transport\u00f8r og en\/flere nye transport\u00f8rer.<\/p><p class=\" eplus-wrapper\">\u00a0<\/p><p class=\" eplus-wrapper\">\u00a0<\/p><p class=\" eplus-wrapper\">\u00a0<\/p><p class=\" eplus-wrapper\">\u00a0<\/p><h2 class=\" wp-block-heading eplus-wrapper\">2 Anvendelse af FreightSolution<\/h2><div>\u00a0<\/div><h3 class=\" wp-block-heading eplus-wrapper\"><strong>2.1 Anvendelse af FreightSolution<\/strong><\/h3><p class=\" eplus-wrapper\">Kunden m\u00e5 kun anvende FreightSolution til egne forretningsform\u00e5l og m\u00e5 ikke give tredjepart adgang til platformen.<\/p><p class=\" eplus-wrapper\">\u00a0<\/p><p class=\" eplus-wrapper\">\u00a0<\/p><h3 class=\" wp-block-heading eplus-wrapper\"><strong>2.2 Forsendelsesdata<\/strong><\/h3><p class=\" eplus-wrapper\">De forskellige moduler vil kunne tilvejebringe data produceret af Kunden (\u201cForsendelsesdata\u201d). Forsendelsesdata bliver gemt i Freightsolution og kan anvendes til f.eks. statistikform\u00e5l.<\/p><p class=\" eplus-wrapper\">\u00a0<\/p><p class=\" eplus-wrapper\">\u00a0<\/p><p class=\" eplus-wrapper\">Leverand\u00f8ren er databehandler og det er derfor dataejeren, Kunden, der selv kan slette eller anonymisere Forsendelsesdata. Leverand\u00f8ren sletter ikke Forsendelsesdata, med mindre Abonnement bringes til oph\u00f8r.<\/p><p class=\" eplus-wrapper\">\u00a0<\/p><p class=\" eplus-wrapper\">\u00a0<\/p><p class=\" eplus-wrapper\">Leverand\u00f8ren sikre, at Forsendelsesdata ikke g\u00e5r tabt.<\/p><p class=\" eplus-wrapper\">\u00a0<\/p><p class=\" eplus-wrapper\">\u00a0<\/p><h3 class=\" wp-block-heading eplus-wrapper\"><strong>2.3 Fjernelse af adgang til FreightSolution<\/strong><\/h3><p class=\" eplus-wrapper\">Kundens adgang til FreightSolution kan fjernes s\u00e5fremt Abonnement ikke er betalt p\u00e5 forfaldsdatoen. Der \u00e5bnes for adgang igen, s\u00e5 snart Abonnement er betalt.<\/p><p class=\" eplus-wrapper\">\u00a0<\/p><p class=\" eplus-wrapper\">\u00a0<\/p><p class=\" eplus-wrapper\">\u00a0<\/p><h2 class=\" wp-block-heading eplus-wrapper\">3 Service<\/h2><div>\u00a0<\/div><h3 class=\" wp-block-heading eplus-wrapper\"><strong>3.1 Kundeservice<\/strong><\/h3><p class=\" eplus-wrapper\">Adgang til kundeservice er inkluderet i Kundens Abonnement og er \u00e5ben p\u00e5 alle hverdage mellem 8.00 og 16.00 enten via telefon, e-mail eller chat.<\/p><p class=\" eplus-wrapper\">\u00a0<\/p><p class=\"has-link-color eplus-wrapper wp-elements-7a4c82be4b1506a31487b75a7c8afcf1\">Ops\u00e6tning af prismatrix\/fragtmatrix er omfattet af almindelig kundeservice.<\/p><p class=\"has-link-color eplus-wrapper wp-elements-7a4c82be4b1506a31487b75a7c8afcf1\">\u00a0<\/p><p>Kontaktoplysninger:<br \/>E-mail:\u00a0<a href=\"mailto:sales@freightsolution.io\">support@freightsolution.io<\/a><br \/>Telefonnummer: +45 6140 4443<\/p><p>\u00a0<\/p><h3 class=\" wp-block-heading eplus-wrapper\"><strong>3.2 \u00c6ndringer i FreightSolution<\/strong><\/h3><p class=\" eplus-wrapper\">Vedligeholdelse og \u00e6ndringer fors\u00f8ges planlagt s\u00e5ledes at det giver mindst mulig gene for Kunden. St\u00f8rre \u00e6ndringer vil blive annonceret i Leverand\u00f8rens nyhedsbrev.<\/p><p class=\" eplus-wrapper\">\u00a0<\/p><p class=\" eplus-wrapper\">\u00a0<\/p><h2 class=\" wp-block-heading eplus-wrapper\">4 \u00d8konomi<\/h2><div>\u00a0<\/div><h3 class=\" wp-block-heading eplus-wrapper\"><strong>4.1 Abonnementsgebyrer<\/strong><\/h3><p class=\" eplus-wrapper\">Det samlede Abonnement s\u00e6ttes sammen efter de moduler der v\u00e6lges til i Abonnementsaftalen og eventuelle efterf\u00f8lgende tilk\u00f8b af moduler (ben\u00e6vnt \u201cAbonnementsgebyr\u201d).<\/p><p class=\" eplus-wrapper\">\u00a0<\/p><p class=\" eplus-wrapper\">Det samlede Abonnementsgebyr opkr\u00e6ves forud for den perioden, der aftales i Abonnementsaftalen (for et \u00e5r eller for hver m\u00e5ned mod till\u00e6g).<\/p><p class=\" eplus-wrapper\">\u00a0<\/p><p class=\" eplus-wrapper\">Leverand\u00f8ren kan justere Abonnementspriser og gebyrer max en gang om \u00e5ret.<\/p><p class=\" eplus-wrapper\">\u00a0<\/p><h3 class=\" wp-block-heading eplus-wrapper\"><strong>4.2 Ydelser ud over Abonnement<\/strong><\/h3><p class=\" eplus-wrapper\">Ydelser der ikke er inkluderet i Abonnement, faktureres ud fra forbrugt tid og i henhold til g\u00e6ldende timepriser, rundet op til n\u00e6rmeste time.<\/p><p class=\" eplus-wrapper\">\u00a0<\/p><h3 class=\" wp-block-heading eplus-wrapper\"><strong>4.3 Fakturering og betaling<\/strong><\/h3><p class=\" eplus-wrapper\">Abonnement og andre ydelser forfalder ved Leverand\u00f8rens fakturering.<\/p><p class=\" eplus-wrapper\">\u00a0<\/p><p class=\" eplus-wrapper\">Alle priser er opgivet excl. moms og andre afgifter.<\/p><p class=\" eplus-wrapper\">\u00a0<\/p><p class=\" eplus-wrapper\">\u00a0<\/p><h2 class=\" wp-block-heading eplus-wrapper\">5 Rettigheder<\/h2><div>\u00a0<\/div><h3 class=\" wp-block-heading eplus-wrapper\"><strong>5.1 Rettigheder<\/strong><\/h3><p class=\" eplus-wrapper\">Leverand\u00f8ren ejer alle rettigheder til FreightSolution.<\/p><p class=\" eplus-wrapper\">\u00a0<\/p><h3 class=\" wp-block-heading eplus-wrapper\"><strong>5.2 Forsendelsesdata og priser til Calculator<\/strong><\/h3><p class=\" eplus-wrapper\">Al Forsendelsesdata er ejet af Kunden. Forsendelsesdata m\u00e5 kun anvendes af Leverand\u00f8ren til at levere de ydelser som Leverand\u00f8ren er forpligtet til efter Abonnementsaftalen.<\/p><p class=\" eplus-wrapper\">\u00a0<\/p><p class=\" eplus-wrapper\">Leverand\u00f8ren har ret til at anvende anonymiserede Forsendelsesdata til statistik i de moduler som der tilbydes. Leverand\u00f8ren skal sikre sig, at Forsendelsesdata ikke indeholder data omkring enkeltpersoner inden det anvendes til de forskellige moduler.<\/p><p class=\" eplus-wrapper\">\u00a0<\/p><p class=\" eplus-wrapper\">Forsendelsesdata og priser til Calculator er fortrolige. \u00d8nskes en s\u00e6rskilt Hemmeligholdelsesaftale indg\u00e5et kan dette indg\u00e5s (FreightSolution format).<\/p><p class=\" eplus-wrapper\">\u00a0<\/p><p class=\" eplus-wrapper\">\u00a0<\/p><h2 class=\" wp-block-heading eplus-wrapper\">6 Behandling af personoplysninger<\/h2><div>\u00a0<\/div><h3 class=\" wp-block-heading eplus-wrapper\"><strong>6.1 Forsendelsesdata<\/strong><\/h3><p class=\" eplus-wrapper\">Forsendelsesdata der overf\u00f8res til Leverand\u00f8ren kan indeholde personoplysninger ang\u00e5ende Kundens kunder. Kunden vil altid v\u00e6re den dataansvarlige og Leverand\u00f8ren vil v\u00e6re databehandler. Hvor l\u00e6nge data skal opbevares er derfor Kundens afg\u00f8relse.<\/p><p class=\" eplus-wrapper\">\u00a0<\/p><p class=\" eplus-wrapper\">Ved oph\u00f8r af Abonnementsaftalen vil Leverand\u00f8ren slette alle Forsendelsesdata.<\/p><p class=\" eplus-wrapper\">\u00a0<\/p><p class=\" eplus-wrapper\">Leverand\u00f8ren m\u00e5 ikke anvende Forsendelsesdata p\u00e5 anden m\u00e5de end som der er beskrevet i Abonnementsaftalen.<\/p><p class=\" eplus-wrapper\">\u00a0<\/p><p class=\" eplus-wrapper\">Skulle der ske brud p\u00e5 persondatasikkerheden, er Leverand\u00f8ren forpligtet til at underrette Kunden s\u00e5 snart Leverand\u00f8ren er bekendt med bruddet. Det er Kundens ansvar at underrette eventuel tilsynsmyndighed i det kr\u00e6vede omfang.<\/p><p class=\" eplus-wrapper\">\u00a0<\/p><p class=\" eplus-wrapper\">Leverand\u00f8ren benytter tekniske tredjepartsunderleverand\u00f8rer inden for EU\/E\u00d8S. Forsendelsesdata holders dermed inden for EU.<\/p><p class=\" eplus-wrapper\">\u00a0<\/p><h3 class=\" wp-block-heading eplus-wrapper\"><strong>6.2 Data som leverand\u00f8ren er ansvarlig for<\/strong><\/h3><p class=\" eplus-wrapper\">Leverand\u00f8ren vil opbevare personoplysninger omkring Kunden og brugere af platformen.<\/p><p class=\" eplus-wrapper\">\u00a0<\/p><p class=\" eplus-wrapper\">Disse oplysninger anvendes til generelle form\u00e5l som salg og markedsf\u00f8ring.<\/p><p class=\" eplus-wrapper\">\u00a0<\/p><p class=\" eplus-wrapper\">Leverand\u00f8ren er den dataansvarlige for denne behandling og opbevarer data i CRM- og ERP-systemer.<\/p><p class=\" eplus-wrapper\">\u00a0<\/p><p class=\" eplus-wrapper\">\u00a0<\/p><h2 class=\" wp-block-heading eplus-wrapper\">7 Mangler og ansvar<\/h2><div>\u00a0<\/div><h3 class=\" wp-block-heading eplus-wrapper\"><strong>7.1 Ansvar<\/strong><\/h3><p class=\" eplus-wrapper\">FreightSolution ApS er ikke ansvarlig for indirekte tab eller f\u00f8lgetab ved anvendelse af de forskellige moduler.<\/p><p class=\" eplus-wrapper\">\u00a0<\/p><p class=\" eplus-wrapper\">Direkte, dokumenteret tab som f\u00f8lge af misvedligeholdelse af forpligtelser beskrevet i Abonnementsaftalen er begr\u00e6nset til maksimalt det bel\u00f8b, som Kunden har betalt for 12 m\u00e5neder forud for den m\u00e5ned, hvor tabet er konstateret.<\/p><p class=\" eplus-wrapper\">\u00a0<\/p><p class=\" eplus-wrapper\">Det er til enhver tid Kundens eget ansvar, at priser der l\u00e6gges til grund for Calculator er korrekt sat op og at de bliver vedligeholdt.<\/p><p class=\" eplus-wrapper\">\u00a0<\/p><h3 class=\" wp-block-heading eplus-wrapper\"><strong>7.2 Brud<\/strong><\/h3><p class=\" eplus-wrapper\">Abonnementsaftalen kan opsiges skriftligt i tilf\u00e6lde af kontraktbrud. Opsigelse vil i s\u00e5 fald v\u00e6re g\u00e6ldende fra opsigelsesdatoen.<\/p><p class=\" eplus-wrapper\">\u00a0<\/p><p class=\" eplus-wrapper\">S\u00e5fremt Kunden ikke har betalt en forfalden betaling, kan Leverand\u00f8ren opsige Abonnementsaftalen efter der er sendt en betalingsp\u00e5mindelse til Kunden.<\/p><p class=\" eplus-wrapper\">\u00a0<\/p><p class=\" eplus-wrapper\">\u00a0<\/p><h2 class=\" wp-block-heading eplus-wrapper\">8 Varighed og oph\u00f8r<\/h2><div>\u00a0<\/div><h3 class=\" wp-block-heading eplus-wrapper\"><strong>8.1 Aftaleperioder<\/strong><\/h3><p class=\" eplus-wrapper\">Abonnementsaftalen fornyes automatisk efter 12 m\u00e5neder med en ny periode p\u00e5 ligeledes 12 m\u00e5neder, med mindre Abonnementsaftalen opsiges af en af parterne mindst 30 dage inden den nye periode.\u00a0<\/p><p class=\" eplus-wrapper\">\u00a0<\/p><p class=\" eplus-wrapper\">Opsiges Abonnementsaftalen midt en en periode, kan dette ligeledes ske med 30 dages varsel, men dette giver ikke Kunden ret til tilbagebetaling af Abonnementsgebyrer, som der allerede er betalt til Leverand\u00f8ren.<\/p>\t\t\t\t\t\t\t\t<\/div>\n\t\t\t\t<\/div>\n\t\t\t\t\t<\/div>\n\t\t\t\t<\/div>\n\t\t\t\t<\/div>\n\t\t\t\t<\/div>\n\t\t","protected":false},"excerpt":{"rendered":"<p>Handelsbetingelser Indledning Terms and conditions udg\u00f8r sammen med den elektroniske ordrebekr\u00e6ftelse aftalen (\u201cAbonnementsaftalen\u201d) mellem kunden anf\u00f8rt i ordrebekr\u00e6ftelsen (\u201cKunde\u201d) og FreightSolution (\u201cLeverand\u00f8r\u201d). Abonnementsaftalen beskriver, hvilke moduler som Kunden har adgang til p\u00e5 FreightSolutions platform. \u00a0 \u00a0 \u00a0 \u00a0 1 FreightSolution \u00a0 1.1 FreightSolution FreightSolution udvikles og forvaltes af FreightSolution ApS (\u201cFreightSolution\u201d) og alt afh\u00e6ngigt af&hellip; <a class=\"more-link\" href=\"https:\/\/freightsolution.io\/da\/handelsbetingelser\/\">L\u00e6s mere <span class=\"screen-reader-text\">Handelsbetingelser<\/span><\/a><\/p>\n","protected":false},"author":236854159,"featured_media":0,"parent":0,"menu_order":0,"comment_status":"closed","ping_status":"closed","template":"","meta":{"_acf_changed":false,"footnotes":""},"class_list":["post-9956","page","type-page","status-publish","hentry","entry"],"acf":[],"yoast_head":"<!-- This site is optimized with the Yoast SEO plugin v27.3 - https:\/\/yoast.com\/product\/yoast-seo-wordpress\/ -->\n<title>Handelsbetingelser | FreightSolution<\/title>\n<meta name=\"robots\" content=\"noindex, nofollow\" \/>\n<meta property=\"og:locale\" content=\"da_DK\" \/>\n<meta property=\"og:type\" content=\"article\" \/>\n<meta property=\"og:title\" content=\"Handelsbetingelser | FreightSolution\" \/>\n<meta property=\"og:description\" content=\"Handelsbetingelser Indledning Terms and conditions udg\u00f8r sammen med den elektroniske ordrebekr\u00e6ftelse aftalen (\u201cAbonnementsaftalen\u201d) mellem kunden anf\u00f8rt i ordrebekr\u00e6ftelsen (\u201cKunde\u201d) og FreightSolution (\u201cLeverand\u00f8r\u201d). Abonnementsaftalen beskriver, hvilke moduler som Kunden har adgang til p\u00e5 FreightSolutions platform. \u00a0 \u00a0 \u00a0 \u00a0 1 FreightSolution \u00a0 1.1 FreightSolution FreightSolution udvikles og forvaltes af FreightSolution ApS (\u201cFreightSolution\u201d) og alt afh\u00e6ngigt af&hellip; L\u00e6s mere Handelsbetingelser\" \/>\n<meta property=\"og:url\" content=\"https:\/\/freightsolution.io\/da\/handelsbetingelser\/\" \/>\n<meta property=\"og:site_name\" content=\"FreightSolution\" \/>\n<meta property=\"article:publisher\" content=\"https:\/\/www.facebook.com\/freightsolutiondk\" \/>\n<meta property=\"article:modified_time\" content=\"2025-11-20T12:08:11+00:00\" \/>\n<meta property=\"og:image\" content=\"https:\/\/i0.wp.com\/freightsolution.io\/wp-content\/uploads\/2025\/08\/DSC00065.jpg?fit=2048%2C1365&ssl=1\" \/>\n\t<meta property=\"og:image:width\" content=\"2048\" \/>\n\t<meta property=\"og:image:height\" content=\"1365\" \/>\n\t<meta property=\"og:image:type\" content=\"image\/jpeg\" \/>\n<meta name=\"twitter:label1\" content=\"Estimeret l\u00e6setid\" \/>\n\t<meta name=\"twitter:data1\" content=\"5 minutter\" \/>\n<script type=\"application\/ld+json\" class=\"yoast-schema-graph\">{\"@context\":\"https:\\\/\\\/schema.org\",\"@graph\":[{\"@type\":\"WebPage\",\"@id\":\"https:\\\/\\\/freightsolution.io\\\/handelsbetingelser\\\/\",\"url\":\"https:\\\/\\\/freightsolution.io\\\/handelsbetingelser\\\/\",\"name\":\"Handelsbetingelser | FreightSolution\",\"isPartOf\":{\"@id\":\"https:\\\/\\\/freightsolution.io\\\/#website\"},\"datePublished\":\"2025-07-04T12:26:49+00:00\",\"dateModified\":\"2025-11-20T12:08:11+00:00\",\"breadcrumb\":{\"@id\":\"https:\\\/\\\/freightsolution.io\\\/handelsbetingelser\\\/#breadcrumb\"},\"inLanguage\":\"da-DK\",\"potentialAction\":[{\"@type\":\"ReadAction\",\"target\":[\"https:\\\/\\\/freightsolution.io\\\/handelsbetingelser\\\/\"]}]},{\"@type\":\"BreadcrumbList\",\"@id\":\"https:\\\/\\\/freightsolution.io\\\/handelsbetingelser\\\/#breadcrumb\",\"itemListElement\":[{\"@type\":\"ListItem\",\"position\":1,\"name\":\"Home\",\"item\":\"https:\\\/\\\/freightsolution.io\\\/\"},{\"@type\":\"ListItem\",\"position\":2,\"name\":\"Handelsbetingelser\"}]},{\"@type\":\"WebSite\",\"@id\":\"https:\\\/\\\/freightsolution.io\\\/#website\",\"url\":\"https:\\\/\\\/freightsolution.io\\\/\",\"name\":\"FreightSolution\",\"description\":\"Freight Made Simple\",\"publisher\":{\"@id\":\"https:\\\/\\\/freightsolution.io\\\/#organization\"},\"potentialAction\":[{\"@type\":\"SearchAction\",\"target\":{\"@type\":\"EntryPoint\",\"urlTemplate\":\"https:\\\/\\\/freightsolution.io\\\/?s={search_term_string}\"},\"query-input\":{\"@type\":\"PropertyValueSpecification\",\"valueRequired\":true,\"valueName\":\"search_term_string\"}}],\"inLanguage\":\"da-DK\"},{\"@type\":\"Organization\",\"@id\":\"https:\\\/\\\/freightsolution.io\\\/#organization\",\"name\":\"FreightSolution\",\"url\":\"https:\\\/\\\/freightsolution.io\\\/\",\"logo\":{\"@type\":\"ImageObject\",\"inLanguage\":\"da-DK\",\"@id\":\"https:\\\/\\\/freightsolution.io\\\/#\\\/schema\\\/logo\\\/image\\\/\",\"url\":\"https:\\\/\\\/freightsolution.io\\\/wp-content\\\/uploads\\\/2023\\\/06\\\/logo_files_full_logo_orginal.svg\",\"contentUrl\":\"https:\\\/\\\/freightsolution.io\\\/wp-content\\\/uploads\\\/2023\\\/06\\\/logo_files_full_logo_orginal.svg\",\"width\":1332,\"height\":324,\"caption\":\"FreightSolution\"},\"image\":{\"@id\":\"https:\\\/\\\/freightsolution.io\\\/#\\\/schema\\\/logo\\\/image\\\/\"},\"sameAs\":[\"https:\\\/\\\/www.facebook.com\\\/freightsolutiondk\",\"https:\\\/\\\/www.linkedin.com\\\/company\\\/freightsolution\\\/\"]}]}<\/script>\n<!-- \/ Yoast SEO plugin. -->","yoast_head_json":{"title":"Handelsbetingelser | FreightSolution","robots":{"index":"noindex","follow":"nofollow"},"og_locale":"da_DK","og_type":"article","og_title":"Handelsbetingelser | FreightSolution","og_description":"Handelsbetingelser Indledning Terms and conditions udg\u00f8r sammen med den elektroniske ordrebekr\u00e6ftelse aftalen (\u201cAbonnementsaftalen\u201d) mellem kunden anf\u00f8rt i ordrebekr\u00e6ftelsen (\u201cKunde\u201d) og FreightSolution (\u201cLeverand\u00f8r\u201d). Abonnementsaftalen beskriver, hvilke moduler som Kunden har adgang til p\u00e5 FreightSolutions platform. \u00a0 \u00a0 \u00a0 \u00a0 1 FreightSolution \u00a0 1.1 FreightSolution FreightSolution udvikles og forvaltes af FreightSolution ApS (\u201cFreightSolution\u201d) og alt afh\u00e6ngigt af&hellip; L\u00e6s mere Handelsbetingelser","og_url":"https:\/\/freightsolution.io\/da\/handelsbetingelser\/","og_site_name":"FreightSolution","article_publisher":"https:\/\/www.facebook.com\/freightsolutiondk","article_modified_time":"2025-11-20T12:08:11+00:00","og_image":[{"width":2048,"height":1365,"url":"https:\/\/i0.wp.com\/freightsolution.io\/wp-content\/uploads\/2025\/08\/DSC00065.jpg?fit=2048%2C1365&ssl=1","type":"image\/jpeg"}],"twitter_misc":{"Estimeret l\u00e6setid":"5 minutter"},"schema":{"@context":"https:\/\/schema.org","@graph":[{"@type":"WebPage","@id":"https:\/\/freightsolution.io\/handelsbetingelser\/","url":"https:\/\/freightsolution.io\/handelsbetingelser\/","name":"Handelsbetingelser | FreightSolution","isPartOf":{"@id":"https:\/\/freightsolution.io\/#website"},"datePublished":"2025-07-04T12:26:49+00:00","dateModified":"2025-11-20T12:08:11+00:00","breadcrumb":{"@id":"https:\/\/freightsolution.io\/handelsbetingelser\/#breadcrumb"},"inLanguage":"da-DK","potentialAction":[{"@type":"ReadAction","target":["https:\/\/freightsolution.io\/handelsbetingelser\/"]}]},{"@type":"BreadcrumbList","@id":"https:\/\/freightsolution.io\/handelsbetingelser\/#breadcrumb","itemListElement":[{"@type":"ListItem","position":1,"name":"Home","item":"https:\/\/freightsolution.io\/"},{"@type":"ListItem","position":2,"name":"Handelsbetingelser"}]},{"@type":"WebSite","@id":"https:\/\/freightsolution.io\/#website","url":"https:\/\/freightsolution.io\/","name":"FreightSolution","description":"Freight Made Simple","publisher":{"@id":"https:\/\/freightsolution.io\/#organization"},"potentialAction":[{"@type":"SearchAction","target":{"@type":"EntryPoint","urlTemplate":"https:\/\/freightsolution.io\/?s={search_term_string}"},"query-input":{"@type":"PropertyValueSpecification","valueRequired":true,"valueName":"search_term_string"}}],"inLanguage":"da-DK"},{"@type":"Organization","@id":"https:\/\/freightsolution.io\/#organization","name":"FreightSolution","url":"https:\/\/freightsolution.io\/","logo":{"@type":"ImageObject","inLanguage":"da-DK","@id":"https:\/\/freightsolution.io\/#\/schema\/logo\/image\/","url":"https:\/\/freightsolution.io\/wp-content\/uploads\/2023\/06\/logo_files_full_logo_orginal.svg","contentUrl":"https:\/\/freightsolution.io\/wp-content\/uploads\/2023\/06\/logo_files_full_logo_orginal.svg","width":1332,"height":324,"caption":"FreightSolution"},"image":{"@id":"https:\/\/freightsolution.io\/#\/schema\/logo\/image\/"},"sameAs":["https:\/\/www.facebook.com\/freightsolutiondk","https:\/\/www.linkedin.com\/company\/freightsolution\/"]}]}},"jetpack_sharing_enabled":true,"_links":{"self":[{"href":"https:\/\/freightsolution.io\/da\/wp-json\/wp\/v2\/pages\/9956","targetHints":{"allow":["GET"]}}],"collection":[{"href":"https:\/\/freightsolution.io\/da\/wp-json\/wp\/v2\/pages"}],"about":[{"href":"https:\/\/freightsolution.io\/da\/wp-json\/wp\/v2\/types\/page"}],"author":[{"embeddable":true,"href":"https:\/\/freightsolution.io\/da\/wp-json\/wp\/v2\/users\/236854159"}],"replies":[{"embeddable":true,"href":"https:\/\/freightsolution.io\/da\/wp-json\/wp\/v2\/comments?post=9956"}],"version-history":[{"count":11,"href":"https:\/\/freightsolution.io\/da\/wp-json\/wp\/v2\/pages\/9956\/revisions"}],"predecessor-version":[{"id":11447,"href":"https:\/\/freightsolution.io\/da\/wp-json\/wp\/v2\/pages\/9956\/revisions\/11447"}],"wp:attachment":[{"href":"https:\/\/freightsolution.io\/da\/wp-json\/wp\/v2\/media?parent=9956"}],"curies":[{"name":"wp","href":"https:\/\/api.w.org\/{rel}","templated":true}]}}